{"id":345,"date":"2020-04-19T13:15:48","date_gmt":"2020-04-19T16:15:48","guid":{"rendered":"https:\/\/editoradionisi.com.br\/folhaespiritacairbarschutel\/?page_id=345"},"modified":"2020-04-19T15:35:27","modified_gmt":"2020-04-19T18:35:27","slug":"contato","status":"publish","type":"page","link":"https:\/\/editoradionisi.com.br\/folhaespiritacairbarschutel\/contato\/","title":{"rendered":"Contato"},"content":{"rendered":"\n<p>Se tiver qualquer d\u00favida geral ou coment\u00e1rios, por favor entre em contato conosco preenchendo o formul\u00e1rio abaixo.<br>Estaremos prontos pra te atender!<\/p>\n\n\n\n<p>[everest_form id=&#8221;287&#8243;]<\/p>\n","protected":false},"excerpt":{"rendered":"<p>Se tiver qualquer d\u00favida geral ou coment\u00e1rios, por favor entre em contato conosco preenchendo o formul\u00e1rio abaixo.Estaremos prontos pra te<\/p>\n","protected":false},"author":1,"featured_media":0,"parent":0,"menu_order":0,"comment_status":"closed","ping_status":"closed","template":"","meta":{"footnotes":""},"class_list":["post-345","page","type-page","status-publish","hentry"],"_links":{"self":[{"href":"https:\/\/editoradionisi.com.br\/folhaespiritacairbarschutel\/wp-json\/wp\/v2\/pages\/345","targetHints":{"allow":["GET"]}}],"collection":[{"href":"https:\/\/editoradionisi.com.br\/folhaespiritacairbarschutel\/wp-json\/wp\/v2\/pages"}],"about":[{"href":"https:\/\/editoradionisi.com.br\/folhaespiritacairbarschutel\/wp-json\/wp\/v2\/types\/page"}],"author":[{"embeddable":true,"href":"https:\/\/editoradionisi.com.br\/folhaespiritacairbarschutel\/wp-json\/wp\/v2\/users\/1"}],"replies":[{"embeddable":true,"href":"https:\/\/editoradionisi.com.br\/folhaespiritacairbarschutel\/wp-json\/wp\/v2\/comments?post=345"}],"version-history":[{"count":2,"href":"https:\/\/editoradionisi.com.br\/folhaespiritacairbarschutel\/wp-json\/wp\/v2\/pages\/345\/revisions"}],"predecessor-version":[{"id":348,"href":"https:\/\/editoradionisi.com.br\/folhaespiritacairbarschutel\/wp-json\/wp\/v2\/pages\/345\/revisions\/348"}],"wp:attachment":[{"href":"https:\/\/editoradionisi.com.br\/folhaespiritacairbarschutel\/wp-json\/wp\/v2\/media?parent=345"}],"curies":[{"name":"wp","href":"https:\/\/api.w.org\/{rel}","templated":true}]}}