{"id":352,"date":"2020-04-19T16:06:55","date_gmt":"2020-04-19T19:06:55","guid":{"rendered":"https:\/\/editoradionisi.com.br\/folhaespiritacairbarschutel\/?page_id=352"},"modified":"2022-07-10T18:39:40","modified_gmt":"2022-07-10T21:39:40","slug":"o-jornal","status":"publish","type":"page","link":"https:\/\/editoradionisi.com.br\/folhaespiritacairbarschutel\/o-jornal\/","title":{"rendered":"O Jornal"},"content":{"rendered":"\n<h2 class=\"wp-block-heading\"><strong>Folha Esp\u00edrita Cairbal Schutel<\/strong><\/h2>\n\n\n\n<p><\/p>\n\n\n\n<p><strong>F<\/strong><strong>undador (23\/03\/2014)&nbsp;<\/strong><\/p>\n\n\n\n<p>Fabio Dionisi&nbsp;<\/p>\n\n\n\n<p><strong>Diretor-Presidente \/ Jornalista Respons\u00e1vel&nbsp;<\/strong><\/p>\n\n\n\n<p>Fabio Dionisi &#8211; MTB n.o 0079855\/SP&nbsp;<\/p>\n\n\n\n<p><strong>Contato&nbsp;<\/strong><\/p>\n\n\n\n<p>T. (11) 4825-3885 C.(11) 9.8463-5051 editoradionisi@editoradionisi.com.br&nbsp;<\/p>\n\n\n\n<p><strong>Os artigos assinados n\u00e3o representam necessariamente a opini\u00e3o da Folha Esp\u00edrita Cairbar Schutel&nbsp;<\/strong><\/p>\n\n\n\n<p><\/p>\n\n\n\n<h2 class=\"wp-block-heading\"><strong>Editora Dionisi&nbsp;<\/strong><\/h2>\n\n\n\n<p><strong>Quem somos&nbsp;<\/strong><\/p>\n\n\n\n<p>Fundada em 28\/03\/2012, dedica-se a edi\u00e7\u00e3o e ao com\u00e9rcio varejista de livros, com o objetivo de levar, ao p\u00fablico leitor, obras de conte\u00fado e qualidade. Publicamos obras Esp\u00edritas, espiritualistas, auto-ajuda e t\u00e9cnicos.&nbsp;<\/p>\n\n\n\n<p><\/p>\n","protected":false},"excerpt":{"rendered":"<p>Folha Esp\u00edrita Cairbal Schutel Fundador (23\/03\/2014)&nbsp; Fabio Dionisi&nbsp; Diretor-Presidente \/ Jornalista Respons\u00e1vel&nbsp; Fabio Dionisi &#8211; MTB n.o 0079855\/SP&nbsp; Contato&nbsp; T.<\/p>\n","protected":false},"author":1,"featured_media":0,"parent":0,"menu_order":0,"comment_status":"closed","ping_status":"closed","template":"","meta":{"footnotes":""},"class_list":["post-352","page","type-page","status-publish","hentry"],"_links":{"self":[{"href":"https:\/\/editoradionisi.com.br\/folhaespiritacairbarschutel\/wp-json\/wp\/v2\/pages\/352","targetHints":{"allow":["GET"]}}],"collection":[{"href":"https:\/\/editoradionisi.com.br\/folhaespiritacairbarschutel\/wp-json\/wp\/v2\/pages"}],"about":[{"href":"https:\/\/editoradionisi.com.br\/folhaespiritacairbarschutel\/wp-json\/wp\/v2\/types\/page"}],"author":[{"embeddable":true,"href":"https:\/\/editoradionisi.com.br\/folhaespiritacairbarschutel\/wp-json\/wp\/v2\/users\/1"}],"replies":[{"embeddable":true,"href":"https:\/\/editoradionisi.com.br\/folhaespiritacairbarschutel\/wp-json\/wp\/v2\/comments?post=352"}],"version-history":[{"count":3,"href":"https:\/\/editoradionisi.com.br\/folhaespiritacairbarschutel\/wp-json\/wp\/v2\/pages\/352\/revisions"}],"predecessor-version":[{"id":1744,"href":"https:\/\/editoradionisi.com.br\/folhaespiritacairbarschutel\/wp-json\/wp\/v2\/pages\/352\/revisions\/1744"}],"wp:attachment":[{"href":"https:\/\/editoradionisi.com.br\/folhaespiritacairbarschutel\/wp-json\/wp\/v2\/media?parent=352"}],"curies":[{"name":"wp","href":"https:\/\/api.w.org\/{rel}","templated":true}]}}